{"id":1647,"date":"2026-04-17T09:39:12","date_gmt":"2026-04-17T09:39:12","guid":{"rendered":"https:\/\/www.ektunkul.com\/?page_id=1647"},"modified":"2026-04-17T09:39:12","modified_gmt":"2026-04-17T09:39:12","slug":"sobre-ektunkul","status":"publish","type":"page","link":"https:\/\/www.ektunkul.com\/en\/sobre-ektunkul\/","title":{"rendered":"Sobre Ektunkul"},"content":{"rendered":"<p>Ek significa en maya yucateco tanto <strong>estrella<\/strong> o <strong>lucero<\/strong> como <strong>negro<\/strong>: el color de la tierra f\u00e9rtil, la profundidad y la fuerza ancestral.<\/p>\n\n\n\n<p>Tunkul es el antiguo instrumento maya de percusi\u00f3n, conocido como \u201cpiedra sagrada\u201d (tun-k\u2019ul), un tronco ahuecado que al ser golpeado produce dos sonidos distintos y vibrantes, usados en rituales y ceremonias desde tiempos milenarios.<\/p>\n\n\n\n<p>Ektunkul es, entonces, <strong>el Tunkul Negro<\/strong> y <strong>la Estrella que resuena<\/strong>: un eco que conecta lo ancestral con el M\u00e9xico de hoy.<\/p>\n\n\n\n<p>En este espacio reunimos las historias que verdaderamente importan \u2014desde el motorsport y la tecnolog\u00eda hasta la gastronom\u00eda, la cultura y la pol\u00edtica\u2014 con pasi\u00f3n y honestidad. Porque cuando algo aut\u00e9ntico suena, resuena en todo el pa\u00eds.<\/p>\n\n\n\n<p>Bienvenido al lugar donde todo resuena en nuestro M\u00e9xico.<\/p>\n\n\n\n<p><\/p>","protected":false},"excerpt":{"rendered":"<p>Ek significa en maya yucateco tanto estrella o lucero como negro: el color de la tierra f\u00e9rtil, la profundidad y la fuerza ancestral. Tunkul es el antiguo instrumento maya de percusi\u00f3n, conocido como \u201cpiedra sagrada\u201d (tun-k\u2019ul), un tronco ahuecado que al ser golpeado produce dos sonidos distintos y vibrantes, usados en rituales y ceremonias desde [&hellip;]<\/p>\n","protected":false},"author":1,"featured_media":0,"parent":0,"menu_order":0,"comment_status":"closed","ping_status":"closed","template":"","meta":{"jetpack_post_was_ever_published":false,"footnotes":""},"class_list":["post-1647","page","type-page","status-publish","hentry"],"jetpack_sharing_enabled":true,"_links":{"self":[{"href":"https:\/\/www.ektunkul.com\/en\/wp-json\/wp\/v2\/pages\/1647","targetHints":{"allow":["GET"]}}],"collection":[{"href":"https:\/\/www.ektunkul.com\/en\/wp-json\/wp\/v2\/pages"}],"about":[{"href":"https:\/\/www.ektunkul.com\/en\/wp-json\/wp\/v2\/types\/page"}],"author":[{"embeddable":true,"href":"https:\/\/www.ektunkul.com\/en\/wp-json\/wp\/v2\/users\/1"}],"replies":[{"embeddable":true,"href":"https:\/\/www.ektunkul.com\/en\/wp-json\/wp\/v2\/comments?post=1647"}],"version-history":[{"count":1,"href":"https:\/\/www.ektunkul.com\/en\/wp-json\/wp\/v2\/pages\/1647\/revisions"}],"predecessor-version":[{"id":1648,"href":"https:\/\/www.ektunkul.com\/en\/wp-json\/wp\/v2\/pages\/1647\/revisions\/1648"}],"wp:attachment":[{"href":"https:\/\/www.ektunkul.com\/en\/wp-json\/wp\/v2\/media?parent=1647"}],"curies":[{"name":"wp","href":"https:\/\/api.w.org\/{rel}","templated":true}]}}